{"id":220893,"date":"2025-05-27T17:05:49","date_gmt":"2025-05-27T15:05:49","guid":{"rendered":"https:\/\/moustic-protect.com\/?page_id=220893"},"modified":"2025-06-30T10:21:13","modified_gmt":"2025-06-30T08:21:13","slug":"notices-de-montage","status":"publish","type":"page","link":"https:\/\/moustic-protect.com\/index.php\/home\/besoin-daide\/notices-de-montage\/","title":{"rendered":"Notices de montage"},"content":{"rendered":"\t\t<div data-elementor-type=\"wp-page\" data-elementor-id=\"220893\" class=\"elementor elementor-220893\" data-elementor-post-type=\"page\">\n\t\t\t\t<div class=\"elementor-element elementor-element-ff532be e-flex e-con-boxed e-con e-parent\" data-id=\"ff532be\" data-element_type=\"container\">\n\t\t\t\t\t<div class=\"e-con-inner\">\n\t\t\t\t<div class=\"elementor-element elementor-element-c86efb4 elementor-widget elementor-widget-heading\" data-id=\"c86efb4\" data-element_type=\"widget\" data-widget_type=\"heading.default\">\n\t\t\t\t<div class=\"elementor-widget-container\">\n\t\t\t\t\t<h2 class=\"elementor-heading-title elementor-size-default\">Nos notices de montage<\/h2>\t\t\t\t<\/div>\n\t\t\t\t<\/div>\n\t\t<div class=\"elementor-element elementor-element-951d695 e-con-full e-flex e-con e-child\" data-id=\"951d695\" data-element_type=\"container\">\n\t\t\t\t<div class=\"elementor-element elementor-element-29b838e elementor-widget elementor-widget-heading\" data-id=\"29b838e\" data-element_type=\"widget\" data-widget_type=\"heading.default\">\n\t\t\t\t<div class=\"elementor-widget-container\">\n\t\t\t\t\t<h3 class=\"elementor-heading-title elementor-size-default\">Moustiquaire enroulable vertical<\/h3>\t\t\t\t<\/div>\n\t\t\t\t<\/div>\n\t\t<div class=\"elementor-element elementor-element-2ffdb31 e-con-full e-flex e-con e-child\" data-id=\"2ffdb31\" data-element_type=\"container\">\n\t\t\t\t<div class=\"elementor-element elementor-element-4090f26 elementor-widget elementor-widget-button\" data-id=\"4090f26\" data-element_type=\"widget\" data-widget_type=\"button.default\">\n\t\t\t\t<div class=\"elementor-widget-container\">\n\t\t\t\t\t\t\t\t\t<div class=\"elementor-button-wrapper\">\n\t\t\t\t\t<a class=\"elementor-button elementor-button-link elementor-size-sm\" href=\"https:\/\/moustic-protect.com\/wp-content\/uploads\/2025\/05\/ENROULABLE-VERTICALE-TUNNEL.pdf\">\n\t\t\t\t\t\t<span class=\"elementor-button-content-wrapper\">\n\t\t\t\t\t\t\t\t\t<span class=\"elementor-button-text\">T\u00e9l\u00e9chargez la notice <br>en tunnel<\/span>\n\t\t\t\t\t<\/span>\n\t\t\t\t\t<\/a>\n\t\t\t\t<\/div>\n\t\t\t\t\t\t\t\t<\/div>\n\t\t\t\t<\/div>\n\t\t\t\t<div class=\"elementor-element elementor-element-6109e9c elementor-widget elementor-widget-button\" data-id=\"6109e9c\" data-element_type=\"widget\" data-widget_type=\"button.default\">\n\t\t\t\t<div class=\"elementor-widget-container\">\n\t\t\t\t\t\t\t\t\t<div class=\"elementor-button-wrapper\">\n\t\t\t\t\t<a class=\"elementor-button elementor-button-link elementor-size-sm\" href=\"https:\/\/moustic-protect.com\/wp-content\/uploads\/2025\/05\/ENROULABLE-VERTICALE-FRONTALE.pdf\">\n\t\t\t\t\t\t<span class=\"elementor-button-content-wrapper\">\n\t\t\t\t\t\t\t\t\t<span class=\"elementor-button-text\">T\u00e9l\u00e9chargez la notice <br>en frontal<\/span>\n\t\t\t\t\t<\/span>\n\t\t\t\t\t<\/a>\n\t\t\t\t<\/div>\n\t\t\t\t\t\t\t\t<\/div>\n\t\t\t\t<\/div>\n\t\t\t\t<\/div>\n\t\t\t\t<\/div>\n\t\t<div class=\"elementor-element elementor-element-f901544 e-con-full e-flex e-con e-child\" data-id=\"f901544\" data-element_type=\"container\">\n\t\t\t\t<div class=\"elementor-element elementor-element-d5499c0 elementor-widget elementor-widget-heading\" data-id=\"d5499c0\" data-element_type=\"widget\" data-widget_type=\"heading.default\">\n\t\t\t\t<div class=\"elementor-widget-container\">\n\t\t\t\t\t<h3 class=\"elementor-heading-title elementor-size-default\">Moustiquaire enroulable lat\u00e9ral<\/h3>\t\t\t\t<\/div>\n\t\t\t\t<\/div>\n\t\t<div class=\"elementor-element elementor-element-d80c5be e-con-full e-flex e-con e-child\" data-id=\"d80c5be\" data-element_type=\"container\">\n\t\t\t\t<div class=\"elementor-element elementor-element-fc21cbe elementor-widget elementor-widget-button\" data-id=\"fc21cbe\" data-element_type=\"widget\" data-widget_type=\"button.default\">\n\t\t\t\t<div class=\"elementor-widget-container\">\n\t\t\t\t\t\t\t\t\t<div class=\"elementor-button-wrapper\">\n\t\t\t\t\t<a class=\"elementor-button elementor-button-link elementor-size-sm\" href=\"https:\/\/moustic-protect.com\/wp-content\/uploads\/2025\/05\/ENROULABLE-LATERALE-1-VANTAIL.pdf\">\n\t\t\t\t\t\t<span class=\"elementor-button-content-wrapper\">\n\t\t\t\t\t\t\t\t\t<span class=\"elementor-button-text\">T\u00e9l\u00e9chargez la notice <br> 1 vantail<\/span>\n\t\t\t\t\t<\/span>\n\t\t\t\t\t<\/a>\n\t\t\t\t<\/div>\n\t\t\t\t\t\t\t\t<\/div>\n\t\t\t\t<\/div>\n\t\t\t\t<div class=\"elementor-element elementor-element-6e843c9 elementor-widget elementor-widget-button\" data-id=\"6e843c9\" data-element_type=\"widget\" data-widget_type=\"button.default\">\n\t\t\t\t<div class=\"elementor-widget-container\">\n\t\t\t\t\t\t\t\t\t<div class=\"elementor-button-wrapper\">\n\t\t\t\t\t<a class=\"elementor-button elementor-button-link elementor-size-sm\" href=\"https:\/\/moustic-protect.com\/wp-content\/uploads\/2025\/05\/ENROULABLE-LATERALE-2-VANTAUX.pdf\">\n\t\t\t\t\t\t<span class=\"elementor-button-content-wrapper\">\n\t\t\t\t\t\t\t\t\t<span class=\"elementor-button-text\">T\u00e9l\u00e9chargez la notice <br>2 vantaux<\/span>\n\t\t\t\t\t<\/span>\n\t\t\t\t\t<\/a>\n\t\t\t\t<\/div>\n\t\t\t\t\t\t\t\t<\/div>\n\t\t\t\t<\/div>\n\t\t\t\t<\/div>\n\t\t\t\t<\/div>\n\t\t<div class=\"elementor-element elementor-element-6ed2df1 e-con-full e-flex e-con e-child\" data-id=\"6ed2df1\" data-element_type=\"container\">\n\t\t\t\t<div class=\"elementor-element elementor-element-855ec6c elementor-widget elementor-widget-heading\" data-id=\"855ec6c\" data-element_type=\"widget\" data-widget_type=\"heading.default\">\n\t\t\t\t<div class=\"elementor-widget-container\">\n\t\t\t\t\t<h3 class=\"elementor-heading-title elementor-size-default\">Moustiquaire pliss\u00e9 lat\u00e9ral<\/h3>\t\t\t\t<\/div>\n\t\t\t\t<\/div>\n\t\t\t\t<div class=\"elementor-element elementor-element-9b397c6 elementor-align-center elementor-widget elementor-widget-button\" data-id=\"9b397c6\" data-element_type=\"widget\" data-widget_type=\"button.default\">\n\t\t\t\t<div class=\"elementor-widget-container\">\n\t\t\t\t\t\t\t\t\t<div class=\"elementor-button-wrapper\">\n\t\t\t\t\t<a class=\"elementor-button elementor-button-link elementor-size-sm\" href=\"https:\/\/moustic-protect.com\/wp-content\/uploads\/2025\/05\/MONTAGE-PLISSEE-APPLIQUEvf.pdf\">\n\t\t\t\t\t\t<span class=\"elementor-button-content-wrapper\">\n\t\t\t\t\t\t\t\t\t<span class=\"elementor-button-text\">T\u00e9l\u00e9chargez la notice <br> montage pliss\u00e9<\/span>\n\t\t\t\t\t<\/span>\n\t\t\t\t\t<\/a>\n\t\t\t\t<\/div>\n\t\t\t\t\t\t\t\t<\/div>\n\t\t\t\t<\/div>\n\t\t<div class=\"elementor-element elementor-element-a118429 e-con-full e-flex e-con e-child\" data-id=\"a118429\" data-element_type=\"container\">\n\t\t\t\t<div class=\"elementor-element elementor-element-1cccce7 elementor-widget elementor-widget-button\" data-id=\"1cccce7\" data-element_type=\"widget\" data-widget_type=\"button.default\">\n\t\t\t\t<div class=\"elementor-widget-container\">\n\t\t\t\t\t\t\t\t\t<div class=\"elementor-button-wrapper\">\n\t\t\t\t\t<a class=\"elementor-button elementor-button-link elementor-size-sm\" href=\"https:\/\/moustic-protect.com\/wp-content\/uploads\/2025\/05\/PLISSEE-1-VANTAIL-TUNNEL.pdf\">\n\t\t\t\t\t\t<span class=\"elementor-button-content-wrapper\">\n\t\t\t\t\t\t\t\t\t<span class=\"elementor-button-text\">T\u00e9l\u00e9chargez la notice <br> 1 vantail<\/span>\n\t\t\t\t\t<\/span>\n\t\t\t\t\t<\/a>\n\t\t\t\t<\/div>\n\t\t\t\t\t\t\t\t<\/div>\n\t\t\t\t<\/div>\n\t\t\t\t<div class=\"elementor-element elementor-element-30047f1 elementor-widget elementor-widget-button\" data-id=\"30047f1\" data-element_type=\"widget\" data-widget_type=\"button.default\">\n\t\t\t\t<div class=\"elementor-widget-container\">\n\t\t\t\t\t\t\t\t\t<div class=\"elementor-button-wrapper\">\n\t\t\t\t\t<a class=\"elementor-button elementor-button-link elementor-size-sm\" href=\"https:\/\/moustic-protect.com\/wp-content\/uploads\/2025\/05\/PLISSEE-2-VANTAUX-TUNNEL.pdf\">\n\t\t\t\t\t\t<span class=\"elementor-button-content-wrapper\">\n\t\t\t\t\t\t\t\t\t<span class=\"elementor-button-text\">T\u00e9l\u00e9chargez la notice <br>2 vantaux<\/span>\n\t\t\t\t\t<\/span>\n\t\t\t\t\t<\/a>\n\t\t\t\t<\/div>\n\t\t\t\t\t\t\t\t<\/div>\n\t\t\t\t<\/div>\n\t\t\t\t<\/div>\n\t\t\t\t<\/div>\n\t\t\t\t\t<\/div>\n\t\t\t\t<\/div>\n\t\t\t\t<\/div>\n\t\t","protected":false},"excerpt":{"rendered":"<p>Nos notices de montage Moustiquaire enroulable vertical T\u00e9l\u00e9chargez la notice en tunnel T\u00e9l\u00e9chargez la notice en frontal Moustiquaire enroulable lat\u00e9ral T\u00e9l\u00e9chargez la notice 1 vantail T\u00e9l\u00e9chargez la notice 2 vantaux Moustiquaire pliss\u00e9 lat\u00e9ral T\u00e9l\u00e9chargez la notice montage pliss\u00e9 T\u00e9l\u00e9chargez la notice 1 vantail T\u00e9l\u00e9chargez la notice 2 vantaux<\/p>\n","protected":false},"author":5,"featured_media":0,"parent":220164,"menu_order":0,"comment_status":"closed","ping_status":"closed","template":"","meta":{"_acf_changed":false,"om_disable_all_campaigns":false,"_monsterinsights_skip_tracking":false,"_monsterinsights_sitenote_active":false,"_monsterinsights_sitenote_note":"","_monsterinsights_sitenote_category":0,"site-sidebar-layout":"no-sidebar","site-content-layout":"page-builder","ast-site-content-layout":"full-width-container","site-content-style":"default","site-sidebar-style":"default","ast-global-header-display":"","ast-banner-title-visibility":"","ast-main-header-display":"","ast-hfb-above-header-display":"","ast-hfb-below-header-display":"","ast-hfb-mobile-header-display":"","site-post-title":"disabled","ast-breadcrumbs-content":"","ast-featured-img":"disabled","footer-sml-layout":"","theme-transparent-header-meta":"","adv-header-id-meta":"","stick-header-meta":"","header-above-stick-meta":"","header-main-stick-meta":"","header-below-stick-meta":"","astra-migrate-meta-layouts":"set","ast-page-background-enabled":"default","ast-page-background-meta":{"desktop":{"background-color":"","background-image":"","background-repeat":"repeat","background-position":"center center","background-size":"auto","background-attachment":"scroll","background-type":"","background-media":"","overlay-type":"","overlay-color":"","overlay-opacity":"","overlay-gradient":""},"tablet":{"background-color":"","background-image":"","background-repeat":"repeat","background-position":"center center","background-size":"auto","background-attachment":"scroll","background-type":"","background-media":"","overlay-type":"","overlay-color":"","overlay-opacity":"","overlay-gradient":""},"mobile":{"background-color":"","background-image":"","background-repeat":"repeat","background-position":"center center","background-size":"auto","background-attachment":"scroll","background-type":"","background-media":"","overlay-type":"","overlay-color":"","overlay-opacity":"","overlay-gradient":""}},"ast-content-background-meta":{"desktop":{"background-color":"var(--ast-global-color-5)","background-image":"","background-repeat":"repeat","background-position":"center center","background-size":"auto","background-attachment":"scroll","background-type":"","background-media":"","overlay-type":"","overlay-color":"","overlay-opacity":"","overlay-gradient":""},"tablet":{"background-color":"var(--ast-global-color-5)","background-image":"","background-repeat":"repeat","background-position":"center center","background-size":"auto","background-attachment":"scroll","background-type":"","background-media":"","overlay-type":"","overlay-color":"","overlay-opacity":"","overlay-gradient":""},"mobile":{"background-color":"var(--ast-global-color-5)","background-image":"","background-repeat":"repeat","background-position":"center center","background-size":"auto","background-attachment":"scroll","background-type":"","background-media":"","overlay-type":"","overlay-color":"","overlay-opacity":"","overlay-gradient":""}},"footnotes":""},"class_list":["post-220893","page","type-page","status-publish","hentry"],"acf":[],"aioseo_notices":[],"_links":{"self":[{"href":"https:\/\/moustic-protect.com\/index.php\/wp-json\/wp\/v2\/pages\/220893","targetHints":{"allow":["GET"]}}],"collection":[{"href":"https:\/\/moustic-protect.com\/index.php\/wp-json\/wp\/v2\/pages"}],"about":[{"href":"https:\/\/moustic-protect.com\/index.php\/wp-json\/wp\/v2\/types\/page"}],"author":[{"embeddable":true,"href":"https:\/\/moustic-protect.com\/index.php\/wp-json\/wp\/v2\/users\/5"}],"replies":[{"embeddable":true,"href":"https:\/\/moustic-protect.com\/index.php\/wp-json\/wp\/v2\/comments?post=220893"}],"version-history":[{"count":10,"href":"https:\/\/moustic-protect.com\/index.php\/wp-json\/wp\/v2\/pages\/220893\/revisions"}],"predecessor-version":[{"id":220905,"href":"https:\/\/moustic-protect.com\/index.php\/wp-json\/wp\/v2\/pages\/220893\/revisions\/220905"}],"up":[{"embeddable":true,"href":"https:\/\/moustic-protect.com\/index.php\/wp-json\/wp\/v2\/pages\/220164"}],"wp:attachment":[{"href":"https:\/\/moustic-protect.com\/index.php\/wp-json\/wp\/v2\/media?parent=220893"}],"curies":[{"name":"wp","href":"https:\/\/api.w.org\/{rel}","templated":true}]}}