{"id":219329,"date":"2023-11-29T14:46:52","date_gmt":"2023-11-29T13:46:52","guid":{"rendered":"https:\/\/moustic-protect.com\/?post_type=product&#038;p=219329"},"modified":"2025-06-06T14:02:02","modified_gmt":"2025-06-06T12:02:02","slug":"moustiquaire-enroulable-sur-mesure-enroulement-vertical","status":"publish","type":"product","link":"https:\/\/moustic-protect.com\/index.php\/produit\/moustiquaire-enroulable-sur-mesure-enroulement-vertical\/","title":{"rendered":"Moustiquaire Enroulable PREMIUM sur-mesure (enroulement vertical)"},"content":{"rendered":"","protected":false},"excerpt":{"rendered":"<p style=\"margin: 0cm;\"><strong>La moustiquaire enroulable verticale sur mesure<\/strong> offre une protection efficace et discr\u00e8te contre les insectes. Con\u00e7ue pour s\u2019adapter parfaitement \u00e0 tous les types de fen\u00eatres gr\u00e2ce \u00e0 sa fabrication sur mesure, elle constitue une solution incontournable pour pr\u00e9server votre int\u00e9rieur des intrusions ind\u00e9sirables.<\/p>\n<p style=\"margin: 0cm;\">Id\u00e9ale pour les fen\u00eatres, cette moustiquaire \u00e0 enroulement vertical allie confort d\u2019utilisation et esth\u00e9tisme. Commandez-la facilement en ligne, selon vos dimensions personnalis\u00e9es !<\/p>\n","protected":false},"featured_media":219287,"comment_status":"open","ping_status":"closed","template":"","meta":{"_acf_changed":false,"om_disable_all_campaigns":false,"_monsterinsights_skip_tracking":false,"_monsterinsights_sitenote_active":false,"_monsterinsights_sitenote_note":"","_monsterinsights_sitenote_category":0,"site-sidebar-layout":"default","site-content-layout":"","ast-site-content-layout":"default","site-content-style":"default","site-sidebar-style":"default","ast-global-header-display":"","ast-banner-title-visibility":"","ast-main-header-display":"","ast-hfb-above-header-display":"","ast-hfb-below-header-display":"","ast-hfb-mobile-header-display":"","site-post-title":"","ast-breadcrumbs-content":"","ast-featured-img":"","footer-sml-layout":"","theme-transparent-header-meta":"default","adv-header-id-meta":"","stick-header-meta":"","header-above-stick-meta":"","header-main-stick-meta":"","header-below-stick-meta":"","astra-migrate-meta-layouts":"set","ast-page-background-enabled":"default","ast-page-background-meta":{"desktop":{"background-color":"","background-image":"","background-repeat":"repeat","background-position":"center center","background-size":"auto","background-attachment":"scroll","background-type":"","background-media":"","overlay-type":"","overlay-color":"","overlay-opacity":"","overlay-gradient":""},"tablet":{"background-color":"","background-image":"","background-repeat":"repeat","background-position":"center center","background-size":"auto","background-attachment":"scroll","background-type":"","background-media":"","overlay-type":"","overlay-color":"","overlay-opacity":"","overlay-gradient":""},"mobile":{"background-color":"","background-image":"","background-repeat":"repeat","background-position":"center center","background-size":"auto","background-attachment":"scroll","background-type":"","background-media":"","overlay-type":"","overlay-color":"","overlay-opacity":"","overlay-gradient":""}},"ast-content-background-meta":{"desktop":{"background-color":"var(--ast-global-color-5)","background-image":"","background-repeat":"repeat","background-position":"center center","background-size":"auto","background-attachment":"scroll","background-type":"","background-media":"","overlay-type":"","overlay-color":"","overlay-opacity":"","overlay-gradient":""},"tablet":{"background-color":"var(--ast-global-color-5)","background-image":"","background-repeat":"repeat","background-position":"center center","background-size":"auto","background-attachment":"scroll","background-type":"","background-media":"","overlay-type":"","overlay-color":"","overlay-opacity":"","overlay-gradient":""},"mobile":{"background-color":"var(--ast-global-color-5)","background-image":"","background-repeat":"repeat","background-position":"center center","background-size":"auto","background-attachment":"scroll","background-type":"","background-media":"","overlay-type":"","overlay-color":"","overlay-opacity":"","overlay-gradient":""}}},"product_brand":[],"product_cat":[46],"product_tag":[49],"class_list":{"0":"post-219329","1":"product","2":"type-product","3":"status-publish","4":"has-post-thumbnail","6":"product_cat-moustiquaire-fenetre","7":"product_tag-moustiquaire-enroulable","8":"desktop-align-left","9":"tablet-align-left","10":"mobile-align-left","12":"first","13":"instock","14":"taxable","15":"shipping-taxable","16":"purchasable","17":"product-type-simple"},"acf":[],"aioseo_notices":[],"_links":{"self":[{"href":"https:\/\/moustic-protect.com\/index.php\/wp-json\/wp\/v2\/product\/219329","targetHints":{"allow":["GET"]}}],"collection":[{"href":"https:\/\/moustic-protect.com\/index.php\/wp-json\/wp\/v2\/product"}],"about":[{"href":"https:\/\/moustic-protect.com\/index.php\/wp-json\/wp\/v2\/types\/product"}],"replies":[{"embeddable":true,"href":"https:\/\/moustic-protect.com\/index.php\/wp-json\/wp\/v2\/comments?post=219329"}],"version-history":[{"count":6,"href":"https:\/\/moustic-protect.com\/index.php\/wp-json\/wp\/v2\/product\/219329\/revisions"}],"predecessor-version":[{"id":220661,"href":"https:\/\/moustic-protect.com\/index.php\/wp-json\/wp\/v2\/product\/219329\/revisions\/220661"}],"wp:featuredmedia":[{"embeddable":true,"href":"https:\/\/moustic-protect.com\/index.php\/wp-json\/wp\/v2\/media\/219287"}],"wp:attachment":[{"href":"https:\/\/moustic-protect.com\/index.php\/wp-json\/wp\/v2\/media?parent=219329"}],"wp:term":[{"taxonomy":"product_brand","embeddable":true,"href":"https:\/\/moustic-protect.com\/index.php\/wp-json\/wp\/v2\/product_brand?post=219329"},{"taxonomy":"product_cat","embeddable":true,"href":"https:\/\/moustic-protect.com\/index.php\/wp-json\/wp\/v2\/product_cat?post=219329"},{"taxonomy":"product_tag","embeddable":true,"href":"https:\/\/moustic-protect.com\/index.php\/wp-json\/wp\/v2\/product_tag?post=219329"}],"curies":[{"name":"wp","href":"https:\/\/api.w.org\/{rel}","templated":true}]}}