{"id":219335,"date":"2023-11-30T15:52:28","date_gmt":"2023-11-30T14:52:28","guid":{"rendered":"https:\/\/moustic-protect.com\/?post_type=product&#038;p=219335"},"modified":"2025-06-05T16:43:15","modified_gmt":"2025-06-05T14:43:15","slug":"moustiquaire-enroulable-sur-mesure-enroulement-vertical-2","status":"publish","type":"product","link":"https:\/\/moustic-protect.com\/index.php\/produit\/moustiquaire-enroulable-sur-mesure-enroulement-vertical-2\/","title":{"rendered":"Moustiquaire Enroulable PREMIUM Lat\u00e9rale sur-mesure (1 Vantail)"},"content":{"rendered":"","protected":false},"excerpt":{"rendered":"<p style=\"margin: 0cm;\"><strong>La moustiquaire enroulable lat\u00e9rale sur mesure<\/strong> est une solution \u00e0 la fois confortable, discr\u00e8te et silencieuse, id\u00e9ale pour \u00e9quiper les portes, portes-fen\u00eatres ou baies vitr\u00e9es. Gr\u00e2ce \u00e0 sa toile lisse en fibre de verre, elle convient particuli\u00e8rement aux espaces moins lumineux, tout en assurant une protection efficace contre les insectes.<\/p>\n<p style=\"margin: 0cm;\">Fabriqu\u00e9e selon vos dimensions, cette moustiquaire lat\u00e9rale est propos\u00e9e en version 1 vantail, et \u00e9galement en version 2 vantaux.<\/p>\n","protected":false},"featured_media":219302,"comment_status":"open","ping_status":"closed","template":"","meta":{"_acf_changed":false,"om_disable_all_campaigns":false,"_monsterinsights_skip_tracking":false,"_monsterinsights_sitenote_active":false,"_monsterinsights_sitenote_note":"","_monsterinsights_sitenote_category":0,"site-sidebar-layout":"no-sidebar","site-content-layout":"page-builder","ast-site-content-layout":"full-width-container","site-content-style":"default","site-sidebar-style":"default","ast-global-header-display":"","ast-banner-title-visibility":"","ast-main-header-display":"","ast-hfb-above-header-display":"","ast-hfb-below-header-display":"","ast-hfb-mobile-header-display":"","site-post-title":"disabled","ast-breadcrumbs-content":"","ast-featured-img":"disabled","footer-sml-layout":"","theme-transparent-header-meta":"default","adv-header-id-meta":"","stick-header-meta":"","header-above-stick-meta":"","header-main-stick-meta":"","header-below-stick-meta":"","astra-migrate-meta-layouts":"set","ast-page-background-enabled":"default","ast-page-background-meta":{"desktop":{"background-color":"","background-image":"","background-repeat":"repeat","background-position":"center center","background-size":"auto","background-attachment":"scroll","background-type":"","background-media":"","overlay-type":"","overlay-color":"","overlay-opacity":"","overlay-gradient":""},"tablet":{"background-color":"","background-image":"","background-repeat":"repeat","background-position":"center center","background-size":"auto","background-attachment":"scroll","background-type":"","background-media":"","overlay-type":"","overlay-color":"","overlay-opacity":"","overlay-gradient":""},"mobile":{"background-color":"","background-image":"","background-repeat":"repeat","background-position":"center center","background-size":"auto","background-attachment":"scroll","background-type":"","background-media":"","overlay-type":"","overlay-color":"","overlay-opacity":"","overlay-gradient":""}},"ast-content-background-meta":{"desktop":{"background-color":"var(--ast-global-color-5)","background-image":"","background-repeat":"repeat","background-position":"center center","background-size":"auto","background-attachment":"scroll","background-type":"","background-media":"","overlay-type":"","overlay-color":"","overlay-opacity":"","overlay-gradient":""},"tablet":{"background-color":"var(--ast-global-color-5)","background-image":"","background-repeat":"repeat","background-position":"center center","background-size":"auto","background-attachment":"scroll","background-type":"","background-media":"","overlay-type":"","overlay-color":"","overlay-opacity":"","overlay-gradient":""},"mobile":{"background-color":"var(--ast-global-color-5)","background-image":"","background-repeat":"repeat","background-position":"center center","background-size":"auto","background-attachment":"scroll","background-type":"","background-media":"","overlay-type":"","overlay-color":"","overlay-opacity":"","overlay-gradient":""}}},"product_brand":[],"product_cat":[48,47],"product_tag":[51],"class_list":{"0":"post-219335","1":"product","2":"type-product","3":"status-publish","4":"has-post-thumbnail","6":"product_cat-moustiquaire-baie-vitree","7":"product_cat-moustiquaire-porte","8":"product_tag-moustiquaire-enroulable-lateral","9":"desktop-align-left","10":"tablet-align-left","11":"mobile-align-left","13":"first","14":"instock","15":"taxable","16":"shipping-taxable","17":"purchasable","18":"product-type-simple"},"acf":[],"aioseo_notices":[],"_links":{"self":[{"href":"https:\/\/moustic-protect.com\/index.php\/wp-json\/wp\/v2\/product\/219335","targetHints":{"allow":["GET"]}}],"collection":[{"href":"https:\/\/moustic-protect.com\/index.php\/wp-json\/wp\/v2\/product"}],"about":[{"href":"https:\/\/moustic-protect.com\/index.php\/wp-json\/wp\/v2\/types\/product"}],"replies":[{"embeddable":true,"href":"https:\/\/moustic-protect.com\/index.php\/wp-json\/wp\/v2\/comments?post=219335"}],"version-history":[{"count":6,"href":"https:\/\/moustic-protect.com\/index.php\/wp-json\/wp\/v2\/product\/219335\/revisions"}],"predecessor-version":[{"id":220664,"href":"https:\/\/moustic-protect.com\/index.php\/wp-json\/wp\/v2\/product\/219335\/revisions\/220664"}],"wp:featuredmedia":[{"embeddable":true,"href":"https:\/\/moustic-protect.com\/index.php\/wp-json\/wp\/v2\/media\/219302"}],"wp:attachment":[{"href":"https:\/\/moustic-protect.com\/index.php\/wp-json\/wp\/v2\/media?parent=219335"}],"wp:term":[{"taxonomy":"product_brand","embeddable":true,"href":"https:\/\/moustic-protect.com\/index.php\/wp-json\/wp\/v2\/product_brand?post=219335"},{"taxonomy":"product_cat","embeddable":true,"href":"https:\/\/moustic-protect.com\/index.php\/wp-json\/wp\/v2\/product_cat?post=219335"},{"taxonomy":"product_tag","embeddable":true,"href":"https:\/\/moustic-protect.com\/index.php\/wp-json\/wp\/v2\/product_tag?post=219335"}],"curies":[{"name":"wp","href":"https:\/\/api.w.org\/{rel}","templated":true}]}}