{"id":219343,"date":"2023-11-30T16:52:37","date_gmt":"2023-11-30T15:52:37","guid":{"rendered":"https:\/\/moustic-protect.com\/?post_type=product&#038;p=219343"},"modified":"2025-06-05T17:48:51","modified_gmt":"2025-06-05T15:48:51","slug":"moustiquaire-enroulable-sur-mesure-enroulement-vertical-copie-4","status":"publish","type":"product","link":"https:\/\/moustic-protect.com\/index.php\/produit\/moustiquaire-enroulable-sur-mesure-enroulement-vertical-copie-4\/","title":{"rendered":"Moustiquaire Pliss\u00e9e PREMIUM sur-mesure &#8211; Format M (2 Vantaux)"},"content":{"rendered":"","protected":false},"excerpt":{"rendered":"<p style=\"margin: 0cm;\"><strong>La moustiquaire pliss\u00e9e 2 vantaux sur mesure<\/strong> est une solution \u00e0 la fois \u00e9l\u00e9gante et fonctionnelle pour prot\u00e9ger vos ouvertures, comme les baies vitr\u00e9es ou portes-fen\u00eatres. Confectionn\u00e9e selon vos dimensions, elle s\u2019adapte parfaitement \u00e0 vos besoins.<\/p>\n<p style=\"margin: 0cm;\">Gr\u00e2ce \u00e0 son syst\u00e8me de toile pliss\u00e9e souple et son guidage fluide, l\u2019ouverture et la fermeture sont simples et silencieuses. Les deux vantaux coulissent de part et d\u2019autre, vous offrant une ouverture centrale pratique et modulable, avec un passage confortable. Id\u00e9ale pour les larges passages et les acc\u00e8s fr\u00e9quents.<\/p>\n","protected":false},"featured_media":219373,"comment_status":"open","ping_status":"closed","template":"","meta":{"_acf_changed":false,"om_disable_all_campaigns":false,"_monsterinsights_skip_tracking":false,"_monsterinsights_sitenote_active":false,"_monsterinsights_sitenote_note":"","_monsterinsights_sitenote_category":0,"site-sidebar-layout":"default","site-content-layout":"","ast-site-content-layout":"default","site-content-style":"default","site-sidebar-style":"default","ast-global-header-display":"","ast-banner-title-visibility":"","ast-main-header-display":"","ast-hfb-above-header-display":"","ast-hfb-below-header-display":"","ast-hfb-mobile-header-display":"","site-post-title":"","ast-breadcrumbs-content":"","ast-featured-img":"","footer-sml-layout":"","theme-transparent-header-meta":"default","adv-header-id-meta":"","stick-header-meta":"","header-above-stick-meta":"","header-main-stick-meta":"","header-below-stick-meta":"","astra-migrate-meta-layouts":"set","ast-page-background-enabled":"default","ast-page-background-meta":{"desktop":{"background-color":"","background-image":"","background-repeat":"repeat","background-position":"center center","background-size":"auto","background-attachment":"scroll","background-type":"","background-media":"","overlay-type":"","overlay-color":"","overlay-opacity":"","overlay-gradient":""},"tablet":{"background-color":"","background-image":"","background-repeat":"repeat","background-position":"center center","background-size":"auto","background-attachment":"scroll","background-type":"","background-media":"","overlay-type":"","overlay-color":"","overlay-opacity":"","overlay-gradient":""},"mobile":{"background-color":"","background-image":"","background-repeat":"repeat","background-position":"center center","background-size":"auto","background-attachment":"scroll","background-type":"","background-media":"","overlay-type":"","overlay-color":"","overlay-opacity":"","overlay-gradient":""}},"ast-content-background-meta":{"desktop":{"background-color":"var(--ast-global-color-5)","background-image":"","background-repeat":"repeat","background-position":"center center","background-size":"auto","background-attachment":"scroll","background-type":"","background-media":"","overlay-type":"","overlay-color":"","overlay-opacity":"","overlay-gradient":""},"tablet":{"background-color":"var(--ast-global-color-5)","background-image":"","background-repeat":"repeat","background-position":"center center","background-size":"auto","background-attachment":"scroll","background-type":"","background-media":"","overlay-type":"","overlay-color":"","overlay-opacity":"","overlay-gradient":""},"mobile":{"background-color":"var(--ast-global-color-5)","background-image":"","background-repeat":"repeat","background-position":"center center","background-size":"auto","background-attachment":"scroll","background-type":"","background-media":"","overlay-type":"","overlay-color":"","overlay-opacity":"","overlay-gradient":""}}},"product_brand":[],"product_cat":[48,47],"product_tag":[52],"class_list":{"0":"post-219343","1":"product","2":"type-product","3":"status-publish","4":"has-post-thumbnail","6":"product_cat-moustiquaire-baie-vitree","7":"product_cat-moustiquaire-porte","8":"product_tag-moustiquaire-pliseee-2-vantaux","9":"desktop-align-left","10":"tablet-align-left","11":"mobile-align-left","13":"first","14":"instock","15":"taxable","16":"shipping-taxable","17":"purchasable","18":"product-type-simple"},"acf":[],"aioseo_notices":[],"_links":{"self":[{"href":"https:\/\/moustic-protect.com\/index.php\/wp-json\/wp\/v2\/product\/219343","targetHints":{"allow":["GET"]}}],"collection":[{"href":"https:\/\/moustic-protect.com\/index.php\/wp-json\/wp\/v2\/product"}],"about":[{"href":"https:\/\/moustic-protect.com\/index.php\/wp-json\/wp\/v2\/types\/product"}],"replies":[{"embeddable":true,"href":"https:\/\/moustic-protect.com\/index.php\/wp-json\/wp\/v2\/comments?post=219343"}],"version-history":[{"count":5,"href":"https:\/\/moustic-protect.com\/index.php\/wp-json\/wp\/v2\/product\/219343\/revisions"}],"predecessor-version":[{"id":220663,"href":"https:\/\/moustic-protect.com\/index.php\/wp-json\/wp\/v2\/product\/219343\/revisions\/220663"}],"wp:featuredmedia":[{"embeddable":true,"href":"https:\/\/moustic-protect.com\/index.php\/wp-json\/wp\/v2\/media\/219373"}],"wp:attachment":[{"href":"https:\/\/moustic-protect.com\/index.php\/wp-json\/wp\/v2\/media?parent=219343"}],"wp:term":[{"taxonomy":"product_brand","embeddable":true,"href":"https:\/\/moustic-protect.com\/index.php\/wp-json\/wp\/v2\/product_brand?post=219343"},{"taxonomy":"product_cat","embeddable":true,"href":"https:\/\/moustic-protect.com\/index.php\/wp-json\/wp\/v2\/product_cat?post=219343"},{"taxonomy":"product_tag","embeddable":true,"href":"https:\/\/moustic-protect.com\/index.php\/wp-json\/wp\/v2\/product_tag?post=219343"}],"curies":[{"name":"wp","href":"https:\/\/api.w.org\/{rel}","templated":true}]}}